{"id":1161,"date":"2023-03-10T22:49:22","date_gmt":"2023-03-10T21:49:22","guid":{"rendered":"https:\/\/www.padelprofi.com\/?page_id=1161"},"modified":"2023-07-03T02:29:56","modified_gmt":"2023-07-03T00:29:56","slug":"blog","status":"publish","type":"page","link":"https:\/\/www.padelprofi.com\/pl\/blog\/","title":{"rendered":"Blog"},"content":{"rendered":"\t\t<div data-elementor-type=\"wp-page\" data-elementor-id=\"1161\" class=\"elementor elementor-1161 elementor-107\">\n\t\t\t\t\t\t<section class=\"elementor-section elementor-top-section elementor-element elementor-element-36a8957a elementor-section-full_width elementor-section-height-default elementor-section-height-default\" data-id=\"36a8957a\" data-element_type=\"section\" data-settings=\"{&quot;background_background&quot;:&quot;classic&quot;}\">\n\t\t\t\t\t\t\t<div class=\"elementor-background-overlay\"><\/div>\n\t\t\t\t\t\t\t<div class=\"elementor-container elementor-column-gap-default\">\n\t\t\t\t\t<div class=\"elementor-column elementor-col-100 elementor-top-column elementor-element elementor-element-6aa7566d\" data-id=\"6aa7566d\" data-element_type=\"column\">\n\t\t\t<div class=\"elementor-widget-wrap elementor-element-populated\">\n\t\t\t\t\t\t<div class=\"elementor-element elementor-element-6e884c1e elementor-widget elementor-widget-heading\" data-id=\"6e884c1e\" data-element_type=\"widget\" data-widget_type=\"heading.default\">\n\t\t\t\t<div class=\"elementor-widget-container\">\n\t\t\t<h2 class=\"elementor-heading-title elementor-size-default\">BLOG<\/h2>\t\t<\/div>\n\t\t\t\t<\/div>\n\t\t\t\t\t<\/div>\n\t\t<\/div>\n\t\t\t\t\t<\/div>\n\t\t<\/section>\n\t\t\t\t<section class=\"elementor-section elementor-top-section elementor-element elementor-element-78698c77 elementor-section-boxed elementor-section-height-default elementor-section-height-default\" data-id=\"78698c77\" data-element_type=\"section\">\n\t\t\t\t\t\t<div class=\"elementor-container elementor-column-gap-default\">\n\t\t\t\t\t<div class=\"elementor-column elementor-col-100 elementor-top-column elementor-element elementor-element-3edb9dd\" data-id=\"3edb9dd\" data-element_type=\"column\">\n\t\t\t<div class=\"elementor-widget-wrap elementor-element-populated\">\n\t\t\t\t\t\t<div class=\"elementor-element elementor-element-a01dfe4 elementor-grid-3 elementor-grid-tablet-2 elementor-grid-mobile-1 elementor-posts--thumbnail-top elementor-card-shadow-yes elementor-posts__hover-gradient elementor-widget elementor-widget-posts\" data-id=\"a01dfe4\" data-element_type=\"widget\" data-settings=\"{&quot;cards_columns&quot;:&quot;3&quot;,&quot;cards_columns_tablet&quot;:&quot;2&quot;,&quot;cards_columns_mobile&quot;:&quot;1&quot;,&quot;cards_row_gap&quot;:{&quot;unit&quot;:&quot;px&quot;,&quot;size&quot;:35,&quot;sizes&quot;:[]},&quot;cards_row_gap_tablet&quot;:{&quot;unit&quot;:&quot;px&quot;,&quot;size&quot;:&quot;&quot;,&quot;sizes&quot;:[]},&quot;cards_row_gap_mobile&quot;:{&quot;unit&quot;:&quot;px&quot;,&quot;size&quot;:&quot;&quot;,&quot;sizes&quot;:[]}}\" data-widget_type=\"posts.cards\">\n\t\t\t\t<div class=\"elementor-widget-container\">\n\t\t\t\t\t<div class=\"elementor-posts-container elementor-posts elementor-posts--skin-cards elementor-grid\">\n\t\t\t\t<article class=\"elementor-post elementor-grid-item post-2495 post type-post status-publish format-standard has-post-thumbnail hentry category-odniesienia\">\n\t\t\t<div class=\"elementor-post__card\">\n\t\t\t\t<a class=\"elementor-post__thumbnail__link\" href=\"https:\/\/www.padelprofi.com\/pl\/odniesienia\/padel-point-coffee\/\" ><div class=\"elementor-post__thumbnail\"><img fetchpriority=\"high\" decoding=\"async\" width=\"900\" height=\"920\" src=\"https:\/\/www.padelprofi.com\/wp-content\/uploads\/2025\/10\/Padel-Zilina3dddd.jpg\" class=\"attachment-full size-full wp-image-2460\" alt=\"\" srcset=\"https:\/\/www.padelprofi.com\/wp-content\/uploads\/2025\/10\/Padel-Zilina3dddd.jpg 900w, https:\/\/www.padelprofi.com\/wp-content\/uploads\/2025\/10\/Padel-Zilina3dddd-293x300.jpg 293w, https:\/\/www.padelprofi.com\/wp-content\/uploads\/2025\/10\/Padel-Zilina3dddd-768x785.jpg 768w\" sizes=\"(max-width: 900px) 100vw, 900px\" \/><\/div><\/a>\n\t\t\t\t<div class=\"elementor-post__badge\">Odniesienia<\/div>\n\t\t\t\t<div class=\"elementor-post__text\">\n\t\t\t\t<h3 class=\"elementor-post__title\">\n\t\t\t<a href=\"https:\/\/www.padelprofi.com\/pl\/odniesienia\/padel-point-coffee\/\" >\n\t\t\t\tPadel point &#038; coffee\t\t\t<\/a>\n\t\t<\/h3>\n\t\t\t\t<div class=\"elementor-post__excerpt\">\n\t\t\t<p>20253 x Panoramic<\/p>\n\t\t<\/div>\n\t\t\t\t\t<div class=\"elementor-post__read-more-wrapper\">\n\t\t\n\t\t<a class=\"elementor-post__read-more\" href=\"https:\/\/www.padelprofi.com\/pl\/odniesienia\/padel-point-coffee\/\" aria-label=\"Read more about Padel point &#038; coffee\" >\n\t\t\tCzytaj wi\u0119cej \u00bb\t\t<\/a>\n\n\t\t\t\t\t<\/div>\n\t\t\t\t<\/div>\n\t\t\t\t\t<\/div>\n\t\t<\/article>\n\t\t\t\t<article class=\"elementor-post elementor-grid-item post-2511 post type-post status-publish format-standard has-post-thumbnail hentry category-odniesienia\">\n\t\t\t<div class=\"elementor-post__card\">\n\t\t\t\t<a class=\"elementor-post__thumbnail__link\" href=\"https:\/\/www.padelprofi.com\/pl\/odniesienia\/teniscentrum-kosmonosy\/\" ><div class=\"elementor-post__thumbnail\"><img decoding=\"async\" width=\"1600\" height=\"1200\" src=\"https:\/\/www.padelprofi.com\/wp-content\/uploads\/2025\/10\/Kosmonosy-CZ-1.jpeg\" class=\"attachment-full size-full wp-image-2396\" alt=\"\" srcset=\"https:\/\/www.padelprofi.com\/wp-content\/uploads\/2025\/10\/Kosmonosy-CZ-1.jpeg 1600w, https:\/\/www.padelprofi.com\/wp-content\/uploads\/2025\/10\/Kosmonosy-CZ-1-300x225.jpeg 300w, https:\/\/www.padelprofi.com\/wp-content\/uploads\/2025\/10\/Kosmonosy-CZ-1-1024x768.jpeg 1024w, https:\/\/www.padelprofi.com\/wp-content\/uploads\/2025\/10\/Kosmonosy-CZ-1-768x576.jpeg 768w, https:\/\/www.padelprofi.com\/wp-content\/uploads\/2025\/10\/Kosmonosy-CZ-1-1536x1152.jpeg 1536w\" sizes=\"(max-width: 1600px) 100vw, 1600px\" \/><\/div><\/a>\n\t\t\t\t<div class=\"elementor-post__badge\">Odniesienia<\/div>\n\t\t\t\t<div class=\"elementor-post__text\">\n\t\t\t\t<h3 class=\"elementor-post__title\">\n\t\t\t<a href=\"https:\/\/www.padelprofi.com\/pl\/odniesienia\/teniscentrum-kosmonosy\/\" >\n\t\t\t\tTeniscentrum Kosmonosy\t\t\t<\/a>\n\t\t<\/h3>\n\t\t\t\t<div class=\"elementor-post__excerpt\">\n\t\t\t<p>2025\u00a01 x Panoramic\u00a0<\/p>\n\t\t<\/div>\n\t\t\t\t\t<div class=\"elementor-post__read-more-wrapper\">\n\t\t\n\t\t<a class=\"elementor-post__read-more\" href=\"https:\/\/www.padelprofi.com\/pl\/odniesienia\/teniscentrum-kosmonosy\/\" aria-label=\"Read more about Teniscentrum Kosmonosy\" >\n\t\t\tCzytaj wi\u0119cej \u00bb\t\t<\/a>\n\n\t\t\t\t\t<\/div>\n\t\t\t\t<\/div>\n\t\t\t\t\t<\/div>\n\t\t<\/article>\n\t\t\t\t<article class=\"elementor-post elementor-grid-item post-2537 post type-post status-publish format-standard has-post-thumbnail hentry category-odniesienia\">\n\t\t\t<div class=\"elementor-post__card\">\n\t\t\t\t<a class=\"elementor-post__thumbnail__link\" href=\"https:\/\/www.padelprofi.com\/pl\/odniesienia\/oravsky-haj-garden-hotel-resort\/\" ><div class=\"elementor-post__thumbnail\"><img decoding=\"async\" width=\"1500\" height=\"843\" src=\"https:\/\/www.padelprofi.com\/wp-content\/uploads\/2025\/10\/Orava5-1.jpg\" class=\"attachment-full size-full wp-image-2311\" alt=\"\" srcset=\"https:\/\/www.padelprofi.com\/wp-content\/uploads\/2025\/10\/Orava5-1.jpg 1500w, https:\/\/www.padelprofi.com\/wp-content\/uploads\/2025\/10\/Orava5-1-300x169.jpg 300w, https:\/\/www.padelprofi.com\/wp-content\/uploads\/2025\/10\/Orava5-1-1024x575.jpg 1024w, https:\/\/www.padelprofi.com\/wp-content\/uploads\/2025\/10\/Orava5-1-768x432.jpg 768w\" sizes=\"(max-width: 1500px) 100vw, 1500px\" \/><\/div><\/a>\n\t\t\t\t<div class=\"elementor-post__badge\">Odniesienia<\/div>\n\t\t\t\t<div class=\"elementor-post__text\">\n\t\t\t\t<h3 class=\"elementor-post__title\">\n\t\t\t<a href=\"https:\/\/www.padelprofi.com\/pl\/odniesienia\/oravsky-haj-garden-hotel-resort\/\" >\n\t\t\t\tORAVSK\u00dd H\u00c1J &#8211; Garden Hotel &#038; Resort\t\t\t<\/a>\n\t\t<\/h3>\n\t\t\t\t<div class=\"elementor-post__excerpt\">\n\t\t\t<p>2025\u00a03 x Panoramic\u00a0<\/p>\n\t\t<\/div>\n\t\t\t\t\t<div class=\"elementor-post__read-more-wrapper\">\n\t\t\n\t\t<a class=\"elementor-post__read-more\" href=\"https:\/\/www.padelprofi.com\/pl\/odniesienia\/oravsky-haj-garden-hotel-resort\/\" aria-label=\"Read more about ORAVSK\u00dd H\u00c1J &#8211; Garden Hotel &#038; Resort\" >\n\t\t\tCzytaj wi\u0119cej \u00bb\t\t<\/a>\n\n\t\t\t\t\t<\/div>\n\t\t\t\t<\/div>\n\t\t\t\t\t<\/div>\n\t\t<\/article>\n\t\t\t\t<article class=\"elementor-post elementor-grid-item post-1204 post type-post status-publish format-standard has-post-thumbnail hentry category-padel-3\">\n\t\t\t<div class=\"elementor-post__card\">\n\t\t\t\t<a class=\"elementor-post__thumbnail__link\" href=\"https:\/\/www.padelprofi.com\/pl\/padel-3\/rozwoj-i-rosnaca-popularnosc-padla-jako-sportu\/\" ><div class=\"elementor-post__thumbnail\"><img loading=\"lazy\" decoding=\"async\" width=\"1920\" height=\"1280\" src=\"https:\/\/www.padelprofi.com\/wp-content\/uploads\/2023\/03\/vincenzo-morelli-WnxmzCNuDmU-unsplash.jpg\" class=\"attachment-full size-full wp-image-1067\" alt=\"\" srcset=\"https:\/\/www.padelprofi.com\/wp-content\/uploads\/2023\/03\/vincenzo-morelli-WnxmzCNuDmU-unsplash.jpg 1920w, https:\/\/www.padelprofi.com\/wp-content\/uploads\/2023\/03\/vincenzo-morelli-WnxmzCNuDmU-unsplash-300x200.jpg 300w, https:\/\/www.padelprofi.com\/wp-content\/uploads\/2023\/03\/vincenzo-morelli-WnxmzCNuDmU-unsplash-1024x683.jpg 1024w, https:\/\/www.padelprofi.com\/wp-content\/uploads\/2023\/03\/vincenzo-morelli-WnxmzCNuDmU-unsplash-768x512.jpg 768w, https:\/\/www.padelprofi.com\/wp-content\/uploads\/2023\/03\/vincenzo-morelli-WnxmzCNuDmU-unsplash-1536x1024.jpg 1536w\" sizes=\"(max-width: 1920px) 100vw, 1920px\" \/><\/div><\/a>\n\t\t\t\t<div class=\"elementor-post__badge\">Padel<\/div>\n\t\t\t\t<div class=\"elementor-post__text\">\n\t\t\t\t<h3 class=\"elementor-post__title\">\n\t\t\t<a href=\"https:\/\/www.padelprofi.com\/pl\/padel-3\/rozwoj-i-rosnaca-popularnosc-padla-jako-sportu\/\" >\n\t\t\t\tRozw\u00f3j i rosn\u0105ca popularno\u015b\u0107 padla jako sportu\t\t\t<\/a>\n\t\t<\/h3>\n\t\t\t\t<div class=\"elementor-post__excerpt\">\n\t\t\t<p>Padel to stosunkowo nowy sport, kt\u00f3ry w ostatnich latach sta\u0142 si\u0119 coraz bardziej popularny na ca\u0142ym \u015bwiecie. Po raz pierwszy opracowany w Meksyku w latach 60-tych, sta\u0142 si\u0119 popularny w<\/p>\n\t\t<\/div>\n\t\t\t\t\t<div class=\"elementor-post__read-more-wrapper\">\n\t\t\n\t\t<a class=\"elementor-post__read-more\" href=\"https:\/\/www.padelprofi.com\/pl\/padel-3\/rozwoj-i-rosnaca-popularnosc-padla-jako-sportu\/\" aria-label=\"Read more about Rozw\u00f3j i rosn\u0105ca popularno\u015b\u0107 padla jako sportu\" >\n\t\t\tCzytaj wi\u0119cej \u00bb\t\t<\/a>\n\n\t\t\t\t\t<\/div>\n\t\t\t\t<\/div>\n\t\t\t\t\t<\/div>\n\t\t<\/article>\n\t\t\t\t<article class=\"elementor-post elementor-grid-item post-1202 post type-post status-publish format-standard has-post-thumbnail hentry category-padel-3\">\n\t\t\t<div class=\"elementor-post__card\">\n\t\t\t\t<a class=\"elementor-post__thumbnail__link\" href=\"https:\/\/www.padelprofi.com\/pl\/padel-3\/roznice-miedzy-padlem-a-tradycyjnym-tenisem-co-jest-odpowiednie-dla-ciebie\/\" ><div class=\"elementor-post__thumbnail\"><img loading=\"lazy\" decoding=\"async\" width=\"1920\" height=\"1280\" src=\"https:\/\/www.padelprofi.com\/wp-content\/uploads\/2023\/03\/hermes-rivera-newhL3aprGk-unsplash.jpg\" class=\"attachment-full size-full wp-image-1071\" alt=\"\" srcset=\"https:\/\/www.padelprofi.com\/wp-content\/uploads\/2023\/03\/hermes-rivera-newhL3aprGk-unsplash.jpg 1920w, https:\/\/www.padelprofi.com\/wp-content\/uploads\/2023\/03\/hermes-rivera-newhL3aprGk-unsplash-300x200.jpg 300w, https:\/\/www.padelprofi.com\/wp-content\/uploads\/2023\/03\/hermes-rivera-newhL3aprGk-unsplash-1024x683.jpg 1024w, https:\/\/www.padelprofi.com\/wp-content\/uploads\/2023\/03\/hermes-rivera-newhL3aprGk-unsplash-768x512.jpg 768w, https:\/\/www.padelprofi.com\/wp-content\/uploads\/2023\/03\/hermes-rivera-newhL3aprGk-unsplash-1536x1024.jpg 1536w\" sizes=\"(max-width: 1920px) 100vw, 1920px\" \/><\/div><\/a>\n\t\t\t\t<div class=\"elementor-post__badge\">Padel<\/div>\n\t\t\t\t<div class=\"elementor-post__text\">\n\t\t\t\t<h3 class=\"elementor-post__title\">\n\t\t\t<a href=\"https:\/\/www.padelprofi.com\/pl\/padel-3\/roznice-miedzy-padlem-a-tradycyjnym-tenisem-co-jest-odpowiednie-dla-ciebie\/\" >\n\t\t\t\tR\u00f3\u017cnice mi\u0119dzy padlem a tradycyjnym tenisem: co jest odpowiednie dla Ciebie?\t\t\t<\/a>\n\t\t<\/h3>\n\t\t\t\t<div class=\"elementor-post__excerpt\">\n\t\t\t<p>Padel i tradycyjny tenis to dwa najpopularniejsze sporty rakietowe na \u015bwiecie. Cho\u0107 na pierwszy rzut oka mog\u0105 wydawa\u0107 si\u0119 podobne, istnieje mi\u0119dzy nimi wiele r\u00f3\u017cnic. W tym artykule przyjrzymy si\u0119<\/p>\n\t\t<\/div>\n\t\t\t\t\t<div class=\"elementor-post__read-more-wrapper\">\n\t\t\n\t\t<a class=\"elementor-post__read-more\" href=\"https:\/\/www.padelprofi.com\/pl\/padel-3\/roznice-miedzy-padlem-a-tradycyjnym-tenisem-co-jest-odpowiednie-dla-ciebie\/\" aria-label=\"Read more about R\u00f3\u017cnice mi\u0119dzy padlem a tradycyjnym tenisem: co jest odpowiednie dla Ciebie?\" >\n\t\t\tCzytaj wi\u0119cej \u00bb\t\t<\/a>\n\n\t\t\t\t\t<\/div>\n\t\t\t\t<\/div>\n\t\t\t\t\t<\/div>\n\t\t<\/article>\n\t\t\t\t<article class=\"elementor-post elementor-grid-item post-1200 post type-post status-publish format-standard has-post-thumbnail hentry category-padel-3\">\n\t\t\t<div class=\"elementor-post__card\">\n\t\t\t\t<a class=\"elementor-post__thumbnail__link\" href=\"https:\/\/www.padelprofi.com\/pl\/padel-3\/korzysci-padla-dla-zdrowia-fizycznego-i-psychicznego\/\" ><div class=\"elementor-post__thumbnail\"><img loading=\"lazy\" decoding=\"async\" width=\"1920\" height=\"1280\" src=\"https:\/\/www.padelprofi.com\/wp-content\/uploads\/2023\/03\/artur-kornakov-y-0czHMT6VI-unsplash.jpg\" class=\"attachment-full size-full wp-image-1069\" alt=\"\" srcset=\"https:\/\/www.padelprofi.com\/wp-content\/uploads\/2023\/03\/artur-kornakov-y-0czHMT6VI-unsplash.jpg 1920w, https:\/\/www.padelprofi.com\/wp-content\/uploads\/2023\/03\/artur-kornakov-y-0czHMT6VI-unsplash-300x200.jpg 300w, https:\/\/www.padelprofi.com\/wp-content\/uploads\/2023\/03\/artur-kornakov-y-0czHMT6VI-unsplash-1024x683.jpg 1024w, https:\/\/www.padelprofi.com\/wp-content\/uploads\/2023\/03\/artur-kornakov-y-0czHMT6VI-unsplash-768x512.jpg 768w, https:\/\/www.padelprofi.com\/wp-content\/uploads\/2023\/03\/artur-kornakov-y-0czHMT6VI-unsplash-1536x1024.jpg 1536w\" sizes=\"(max-width: 1920px) 100vw, 1920px\" \/><\/div><\/a>\n\t\t\t\t<div class=\"elementor-post__badge\">Padel<\/div>\n\t\t\t\t<div class=\"elementor-post__text\">\n\t\t\t\t<h3 class=\"elementor-post__title\">\n\t\t\t<a href=\"https:\/\/www.padelprofi.com\/pl\/padel-3\/korzysci-padla-dla-zdrowia-fizycznego-i-psychicznego\/\" >\n\t\t\t\tKorzy\u015bci padla dla zdrowia fizycznego i psychicznego\t\t\t<\/a>\n\t\t<\/h3>\n\t\t\t\t<div class=\"elementor-post__excerpt\">\n\t\t\t<p>Padel to zabawny i wci\u0105gaj\u0105cy sport, kt\u00f3ry przynosi wiele korzy\u015bci dla zdrowia fizycznego i psychicznego. Oto kilka sposob\u00f3w, w jakie padel mo\u017ce poprawi\u0107 og\u00f3lne samopoczucie: Sprawno\u015b\u0107 sercowo-naczyniowa: Padel jest wysoce<\/p>\n\t\t<\/div>\n\t\t\t\t\t<div class=\"elementor-post__read-more-wrapper\">\n\t\t\n\t\t<a class=\"elementor-post__read-more\" href=\"https:\/\/www.padelprofi.com\/pl\/padel-3\/korzysci-padla-dla-zdrowia-fizycznego-i-psychicznego\/\" aria-label=\"Read more about Korzy\u015bci padla dla zdrowia fizycznego i psychicznego\" >\n\t\t\tCzytaj wi\u0119cej \u00bb\t\t<\/a>\n\n\t\t\t\t\t<\/div>\n\t\t\t\t<\/div>\n\t\t\t\t\t<\/div>\n\t\t<\/article>\n\t\t\t\t<\/div>\n\t\t\n\t\t\t\t<\/div>\n\t\t\t\t<\/div>\n\t\t\t\t\t<\/div>\n\t\t<\/div>\n\t\t\t\t\t<\/div>\n\t\t<\/section>\n\t\t\t\t<\/div>\n\t\t","protected":false},"excerpt":{"rendered":"<p>BLOG<\/p>\n","protected":false},"author":1,"featured_media":0,"parent":0,"menu_order":0,"comment_status":"closed","ping_status":"closed","template":"","meta":{"footnotes":""},"class_list":["post-1161","page","type-page","status-publish","hentry"],"yoast_head":"<!-- This site is optimized with the Yoast SEO plugin v23.5 - https:\/\/yoast.com\/wordpress\/plugins\/seo\/ -->\n<title>Blog - PadelProfi.com<\/title>\n<meta name=\"robots\" content=\"index, follow, max-snippet:-1, max-image-preview:large, max-video-preview:-1\" \/>\n<link rel=\"canonical\" href=\"https:\/\/www.padelprofi.com\/pl\/blog\/\" \/>\n<meta property=\"og:locale\" content=\"pl_PL\" \/>\n<meta property=\"og:type\" content=\"article\" \/>\n<meta property=\"og:title\" content=\"Blog - PadelProfi.com\" \/>\n<meta property=\"og:description\" content=\"BLOG\" \/>\n<meta property=\"og:url\" content=\"https:\/\/www.padelprofi.com\/pl\/blog\/\" \/>\n<meta property=\"og:site_name\" content=\"PadelProfi.com\" \/>\n<meta property=\"article:modified_time\" content=\"2023-07-03T00:29:56+00:00\" \/>\n<meta name=\"twitter:card\" content=\"summary_large_image\" \/>\n<meta name=\"twitter:label1\" content=\"Szacowany czas czytania\" \/>\n\t<meta name=\"twitter:data1\" content=\"1 minuta\" \/>\n<script type=\"application\/ld+json\" class=\"yoast-schema-graph\">{\"@context\":\"https:\/\/schema.org\",\"@graph\":[{\"@type\":\"WebPage\",\"@id\":\"https:\/\/www.padelprofi.com\/pl\/blog\/\",\"url\":\"https:\/\/www.padelprofi.com\/pl\/blog\/\",\"name\":\"Blog - PadelProfi.com\",\"isPartOf\":{\"@id\":\"https:\/\/www.padelprofi.com\/pl\/#website\"},\"datePublished\":\"2023-03-10T21:49:22+00:00\",\"dateModified\":\"2023-07-03T00:29:56+00:00\",\"breadcrumb\":{\"@id\":\"https:\/\/www.padelprofi.com\/pl\/blog\/#breadcrumb\"},\"inLanguage\":\"pl-PL\",\"potentialAction\":[{\"@type\":\"ReadAction\",\"target\":[\"https:\/\/www.padelprofi.com\/pl\/blog\/\"]}]},{\"@type\":\"BreadcrumbList\",\"@id\":\"https:\/\/www.padelprofi.com\/pl\/blog\/#breadcrumb\",\"itemListElement\":[{\"@type\":\"ListItem\",\"position\":1,\"name\":\"Home\",\"item\":\"https:\/\/www.padelprofi.com\/pl\/\"},{\"@type\":\"ListItem\",\"position\":2,\"name\":\"Blog\"}]},{\"@type\":\"WebSite\",\"@id\":\"https:\/\/www.padelprofi.com\/pl\/#website\",\"url\":\"https:\/\/www.padelprofi.com\/pl\/\",\"name\":\"PadelProfi.com\",\"description\":\"Postav\u00edme Padel kurt\",\"publisher\":{\"@id\":\"https:\/\/www.padelprofi.com\/pl\/#organization\"},\"potentialAction\":[{\"@type\":\"SearchAction\",\"target\":{\"@type\":\"EntryPoint\",\"urlTemplate\":\"https:\/\/www.padelprofi.com\/pl\/?s={search_term_string}\"},\"query-input\":{\"@type\":\"PropertyValueSpecification\",\"valueRequired\":true,\"valueName\":\"search_term_string\"}}],\"inLanguage\":\"pl-PL\"},{\"@type\":\"Organization\",\"@id\":\"https:\/\/www.padelprofi.com\/pl\/#organization\",\"name\":\"PadelProfi.com\",\"url\":\"https:\/\/www.padelprofi.com\/pl\/\",\"logo\":{\"@type\":\"ImageObject\",\"inLanguage\":\"pl-PL\",\"@id\":\"https:\/\/www.padelprofi.com\/pl\/#\/schema\/logo\/image\/\",\"url\":\"https:\/\/www.padelprofi.com\/wp-content\/uploads\/2023\/03\/PadelProfi_Black.svg\",\"contentUrl\":\"https:\/\/www.padelprofi.com\/wp-content\/uploads\/2023\/03\/PadelProfi_Black.svg\",\"width\":2415,\"height\":591,\"caption\":\"PadelProfi.com\"},\"image\":{\"@id\":\"https:\/\/www.padelprofi.com\/pl\/#\/schema\/logo\/image\/\"}}]}<\/script>\n<!-- \/ Yoast SEO plugin. -->","yoast_head_json":{"title":"Blog - PadelProfi.com","robots":{"index":"index","follow":"follow","max-snippet":"max-snippet:-1","max-image-preview":"max-image-preview:large","max-video-preview":"max-video-preview:-1"},"canonical":"https:\/\/www.padelprofi.com\/pl\/blog\/","og_locale":"pl_PL","og_type":"article","og_title":"Blog - PadelProfi.com","og_description":"BLOG","og_url":"https:\/\/www.padelprofi.com\/pl\/blog\/","og_site_name":"PadelProfi.com","article_modified_time":"2023-07-03T00:29:56+00:00","twitter_card":"summary_large_image","twitter_misc":{"Szacowany czas czytania":"1 minuta"},"schema":{"@context":"https:\/\/schema.org","@graph":[{"@type":"WebPage","@id":"https:\/\/www.padelprofi.com\/pl\/blog\/","url":"https:\/\/www.padelprofi.com\/pl\/blog\/","name":"Blog - PadelProfi.com","isPartOf":{"@id":"https:\/\/www.padelprofi.com\/pl\/#website"},"datePublished":"2023-03-10T21:49:22+00:00","dateModified":"2023-07-03T00:29:56+00:00","breadcrumb":{"@id":"https:\/\/www.padelprofi.com\/pl\/blog\/#breadcrumb"},"inLanguage":"pl-PL","potentialAction":[{"@type":"ReadAction","target":["https:\/\/www.padelprofi.com\/pl\/blog\/"]}]},{"@type":"BreadcrumbList","@id":"https:\/\/www.padelprofi.com\/pl\/blog\/#breadcrumb","itemListElement":[{"@type":"ListItem","position":1,"name":"Home","item":"https:\/\/www.padelprofi.com\/pl\/"},{"@type":"ListItem","position":2,"name":"Blog"}]},{"@type":"WebSite","@id":"https:\/\/www.padelprofi.com\/pl\/#website","url":"https:\/\/www.padelprofi.com\/pl\/","name":"PadelProfi.com","description":"Postav\u00edme Padel kurt","publisher":{"@id":"https:\/\/www.padelprofi.com\/pl\/#organization"},"potentialAction":[{"@type":"SearchAction","target":{"@type":"EntryPoint","urlTemplate":"https:\/\/www.padelprofi.com\/pl\/?s={search_term_string}"},"query-input":{"@type":"PropertyValueSpecification","valueRequired":true,"valueName":"search_term_string"}}],"inLanguage":"pl-PL"},{"@type":"Organization","@id":"https:\/\/www.padelprofi.com\/pl\/#organization","name":"PadelProfi.com","url":"https:\/\/www.padelprofi.com\/pl\/","logo":{"@type":"ImageObject","inLanguage":"pl-PL","@id":"https:\/\/www.padelprofi.com\/pl\/#\/schema\/logo\/image\/","url":"https:\/\/www.padelprofi.com\/wp-content\/uploads\/2023\/03\/PadelProfi_Black.svg","contentUrl":"https:\/\/www.padelprofi.com\/wp-content\/uploads\/2023\/03\/PadelProfi_Black.svg","width":2415,"height":591,"caption":"PadelProfi.com"},"image":{"@id":"https:\/\/www.padelprofi.com\/pl\/#\/schema\/logo\/image\/"}}]}},"_links":{"self":[{"href":"https:\/\/www.padelprofi.com\/pl\/wp-json\/wp\/v2\/pages\/1161"}],"collection":[{"href":"https:\/\/www.padelprofi.com\/pl\/wp-json\/wp\/v2\/pages"}],"about":[{"href":"https:\/\/www.padelprofi.com\/pl\/wp-json\/wp\/v2\/types\/page"}],"author":[{"embeddable":true,"href":"https:\/\/www.padelprofi.com\/pl\/wp-json\/wp\/v2\/users\/1"}],"replies":[{"embeddable":true,"href":"https:\/\/www.padelprofi.com\/pl\/wp-json\/wp\/v2\/comments?post=1161"}],"version-history":[{"count":4,"href":"https:\/\/www.padelprofi.com\/pl\/wp-json\/wp\/v2\/pages\/1161\/revisions"}],"predecessor-version":[{"id":1165,"href":"https:\/\/www.padelprofi.com\/pl\/wp-json\/wp\/v2\/pages\/1161\/revisions\/1165"}],"wp:attachment":[{"href":"https:\/\/www.padelprofi.com\/pl\/wp-json\/wp\/v2\/media?parent=1161"}],"curies":[{"name":"wp","href":"https:\/\/api.w.org\/{rel}","templated":true}]}}