{"id":2172,"date":"2023-03-10T22:08:31","date_gmt":"2023-03-10T21:08:31","guid":{"rendered":"https:\/\/www.padelprofi.com\/?page_id=2172"},"modified":"2024-01-08T04:21:43","modified_gmt":"2024-01-08T03:21:43","slug":"kontakt","status":"publish","type":"page","link":"https:\/\/www.padelprofi.com\/sl\/kontakt\/","title":{"rendered":"Kontakt"},"content":{"rendered":"\t\t<div data-elementor-type=\"wp-page\" data-elementor-id=\"2172\" class=\"elementor elementor-2172 elementor-80\">\n\t\t\t\t\t\t<section class=\"elementor-section elementor-top-section elementor-element elementor-element-6f85f7c elementor-section-full_width elementor-section-height-default elementor-section-height-default\" data-id=\"6f85f7c\" data-element_type=\"section\" data-settings=\"{&quot;background_background&quot;:&quot;classic&quot;}\">\n\t\t\t\t\t\t\t<div class=\"elementor-background-overlay\"><\/div>\n\t\t\t\t\t\t\t<div class=\"elementor-container elementor-column-gap-default\">\n\t\t\t\t\t<div class=\"elementor-column elementor-col-100 elementor-top-column elementor-element elementor-element-c684d2f\" data-id=\"c684d2f\" data-element_type=\"column\">\n\t\t\t<div class=\"elementor-widget-wrap elementor-element-populated\">\n\t\t\t\t\t\t<div class=\"elementor-element elementor-element-beaf1ea elementor-widget elementor-widget-heading\" data-id=\"beaf1ea\" data-element_type=\"widget\" data-widget_type=\"heading.default\">\n\t\t\t\t<div class=\"elementor-widget-container\">\n\t\t\t<h2 class=\"elementor-heading-title elementor-size-default\">KONTAKT<\/h2>\t\t<\/div>\n\t\t\t\t<\/div>\n\t\t\t\t\t<\/div>\n\t\t<\/div>\n\t\t\t\t\t<\/div>\n\t\t<\/section>\n\t\t\t\t<section class=\"elementor-section elementor-top-section elementor-element elementor-element-4e96a7bf elementor-section-content-middle elementor-section-boxed elementor-section-height-default elementor-section-height-default\" data-id=\"4e96a7bf\" data-element_type=\"section\">\n\t\t\t\t\t\t<div class=\"elementor-container elementor-column-gap-no\">\n\t\t\t\t\t<div class=\"elementor-column elementor-col-100 elementor-top-column elementor-element elementor-element-435196d4\" data-id=\"435196d4\" data-element_type=\"column\">\n\t\t\t<div class=\"elementor-widget-wrap elementor-element-populated\">\n\t\t\t\t\t\t<section class=\"elementor-section elementor-inner-section elementor-element elementor-element-1c19527c elementor-section-content-middle elementor-section-boxed elementor-section-height-default elementor-section-height-default\" data-id=\"1c19527c\" data-element_type=\"section\">\n\t\t\t\t\t\t<div class=\"elementor-container elementor-column-gap-no\">\n\t\t\t\t\t<div class=\"elementor-column elementor-col-50 elementor-inner-column elementor-element elementor-element-5fd14dae elementor-invisible\" data-id=\"5fd14dae\" data-element_type=\"column\" data-settings=\"{&quot;animation&quot;:&quot;fadeInLeft&quot;}\">\n\t\t\t<div class=\"elementor-widget-wrap elementor-element-populated\">\n\t\t\t\t\t\t<div class=\"elementor-element elementor-element-ca36a57 elementor-button-align-end elementor-mobile-button-align-center elementor-widget elementor-widget-form\" data-id=\"ca36a57\" data-element_type=\"widget\" data-settings=\"{&quot;step_next_label&quot;:&quot;\\u010eal\\u0161ie&quot;,&quot;step_previous_label&quot;:&quot;Predo\\u0161l\\u00e9&quot;,&quot;button_width&quot;:&quot;100&quot;,&quot;step_type&quot;:&quot;number_text&quot;,&quot;step_icon_shape&quot;:&quot;circle&quot;}\" data-widget_type=\"form.default\">\n\t\t\t\t<div class=\"elementor-widget-container\">\n\t\t\t\t\t<form class=\"elementor-form\" method=\"post\" name=\"Kont. formul\u00e1r - PadelProfi.com\">\n\t\t\t<input type=\"hidden\" name=\"post_id\" value=\"2172\"\/>\n\t\t\t<input type=\"hidden\" name=\"form_id\" value=\"ca36a57\"\/>\n\t\t\t<input type=\"hidden\" name=\"referer_title\" value=\"PadelProfi.com\" \/>\n\n\t\t\t\n\t\t\t<div class=\"elementor-form-fields-wrapper elementor-labels-\">\n\t\t\t\t\t\t\t\t<div class=\"elementor-field-type-text elementor-field-group elementor-column elementor-field-group-name elementor-col-50\">\n\t\t\t\t\t\t\t\t\t\t\t\t<label for=\"form-field-name\" class=\"elementor-field-label elementor-screen-only\">\n\t\t\t\t\t\t\t\tIme\t\t\t\t\t\t\t<\/label>\n\t\t\t\t\t\t\t\t\t\t\t\t\t\t<input size=\"1\" type=\"text\" name=\"form_fields[name]\" id=\"form-field-name\" class=\"elementor-field elementor-size-sm  elementor-field-textual\" placeholder=\"Ime\">\n\t\t\t\t\t\t\t\t\t\t\t<\/div>\n\t\t\t\t\t\t\t\t<div class=\"elementor-field-type-email elementor-field-group elementor-column elementor-field-group-email elementor-col-50 elementor-field-required\">\n\t\t\t\t\t\t\t\t\t\t\t\t<label for=\"form-field-email\" class=\"elementor-field-label elementor-screen-only\">\n\t\t\t\t\t\t\t\tE-mail\t\t\t\t\t\t\t<\/label>\n\t\t\t\t\t\t\t\t\t\t\t\t\t\t<input size=\"1\" type=\"email\" name=\"form_fields[email]\" id=\"form-field-email\" class=\"elementor-field elementor-size-sm  elementor-field-textual\" placeholder=\"E-mail\" required=\"required\" aria-required=\"true\">\n\t\t\t\t\t\t\t\t\t\t\t<\/div>\n\t\t\t\t\t\t\t\t<div class=\"elementor-field-type-text elementor-field-group elementor-column elementor-field-group-b26ecb6 elementor-col-50 elementor-field-required\">\n\t\t\t\t\t\t\t\t\t\t\t\t<label for=\"form-field-b26ecb6\" class=\"elementor-field-label elementor-screen-only\">\n\t\t\t\t\t\t\t\tTelefon\t\t\t\t\t\t\t<\/label>\n\t\t\t\t\t\t\t\t\t\t\t\t\t\t<input size=\"1\" type=\"text\" name=\"form_fields[b26ecb6]\" id=\"form-field-b26ecb6\" class=\"elementor-field elementor-size-sm  elementor-field-textual\" placeholder=\"Telefon\" required=\"required\" aria-required=\"true\">\n\t\t\t\t\t\t\t\t\t\t\t<\/div>\n\t\t\t\t\t\t\t\t<div class=\"elementor-field-type-text elementor-field-group elementor-column elementor-field-group-894019a elementor-col-50 elementor-field-required\">\n\t\t\t\t\t\t\t\t\t\t\t\t<label for=\"form-field-894019a\" class=\"elementor-field-label elementor-screen-only\">\n\t\t\t\t\t\t\t\tPodjetje\t\t\t\t\t\t\t<\/label>\n\t\t\t\t\t\t\t\t\t\t\t\t\t\t<input size=\"1\" type=\"text\" name=\"form_fields[894019a]\" id=\"form-field-894019a\" class=\"elementor-field elementor-size-sm  elementor-field-textual\" placeholder=\"Podjetje\" required=\"required\" aria-required=\"true\">\n\t\t\t\t\t\t\t\t\t\t\t<\/div>\n\t\t\t\t\t\t\t\t<div class=\"elementor-field-type-textarea elementor-field-group elementor-column elementor-field-group-message elementor-col-100\">\n\t\t\t\t\t\t\t\t\t\t\t\t<label for=\"form-field-message\" class=\"elementor-field-label elementor-screen-only\">\n\t\t\t\t\t\t\t\tSporo\u010dilo\t\t\t\t\t\t\t<\/label>\n\t\t\t\t\t\t<textarea class=\"elementor-field-textual elementor-field  elementor-size-sm\" name=\"form_fields[message]\" id=\"form-field-message\" rows=\"4\" placeholder=\"Sporo\u010dilo\"><\/textarea>\t\t\t\t<\/div>\n\t\t\t\t\t\t\t\t<div class=\"elementor-field-group elementor-column elementor-field-type-submit elementor-col-100 e-form__buttons\">\n\t\t\t\t\t<button type=\"submit\" class=\"elementor-button elementor-size-sm\">\n\t\t\t\t\t\t<span >\n\t\t\t\t\t\t\t\t\t\t\t\t\t\t\t<span class=\" elementor-button-icon\">\n\t\t\t\t\t\t\t\t\t\t\t\t\t\t\t\t\t\t\t\t\t\t\t\t\t\t<\/span>\n\t\t\t\t\t\t\t\t\t\t\t\t\t\t\t\t\t\t\t\t\t\t<span class=\"elementor-button-text\">Poslati<\/span>\n\t\t\t\t\t\t\t\t\t\t\t\t\t<\/span>\n\t\t\t\t\t<\/button>\n\t\t\t\t<\/div>\n\t\t\t<\/div>\n\t\t<\/form>\n\t\t\t\t<\/div>\n\t\t\t\t<\/div>\n\t\t\t\t\t<\/div>\n\t\t<\/div>\n\t\t\t\t<div class=\"elementor-column elementor-col-50 elementor-inner-column elementor-element elementor-element-39918439 elementor-invisible\" data-id=\"39918439\" data-element_type=\"column\" data-settings=\"{&quot;background_background&quot;:&quot;classic&quot;,&quot;animation&quot;:&quot;fadeInRight&quot;}\">\n\t\t\t<div class=\"elementor-widget-wrap elementor-element-populated\">\n\t\t\t\t\t\t<div class=\"elementor-element elementor-element-2f482c50 elementor-view-default elementor-position-top elementor-mobile-position-top elementor-widget elementor-widget-icon-box\" data-id=\"2f482c50\" data-element_type=\"widget\" data-widget_type=\"icon-box.default\">\n\t\t\t\t<div class=\"elementor-widget-container\">\n\t\t\t\t\t<div class=\"elementor-icon-box-wrapper\">\n\n\t\t\t\t\t\t<div class=\"elementor-icon-box-icon\">\n\t\t\t\t<span  class=\"elementor-icon elementor-animation-\">\n\t\t\t\t<i aria-hidden=\"true\" class=\"fas fa-phone-alt\"><\/i>\t\t\t\t<\/span>\n\t\t\t<\/div>\n\t\t\t\n\t\t\t\t\t\t<div class=\"elementor-icon-box-content\">\n\n\t\t\t\t\t\t\t\t\t<h3 class=\"elementor-icon-box-title\">\n\t\t\t\t\t\t<span  >\n\t\t\t\t\t\t\t+421 918 065 253\t\t\t\t\t\t<\/span>\n\t\t\t\t\t<\/h3>\n\t\t\t\t\n\t\t\t\t\n\t\t\t<\/div>\n\t\t\t\n\t\t<\/div>\n\t\t\t\t<\/div>\n\t\t\t\t<\/div>\n\t\t\t\t<div class=\"elementor-element elementor-element-4ec37888 elementor-widget elementor-widget-text-editor\" data-id=\"4ec37888\" data-element_type=\"widget\" data-widget_type=\"text-editor.default\">\n\t\t\t\t<div class=\"elementor-widget-container\">\n\t\t\t\t\t\t\t<p>pokli\u010dite nas<\/p>\t\t\t\t\t\t<\/div>\n\t\t\t\t<\/div>\n\t\t\t\t<div class=\"elementor-element elementor-element-7df09c6a elementor-widget elementor-widget-text-editor\" data-id=\"7df09c6a\" data-element_type=\"widget\" data-widget_type=\"text-editor.default\">\n\t\t\t\t<div class=\"elementor-widget-container\">\n\t\t\t\t\t\t\t<p><strong>Naslov: <\/strong><span class=\"ra\">Pre\u010d\u00edn\u00a0<\/span><span class=\"ra\">31, <\/span><span class=\"ra\">Pre\u010d\u00edn\u00a0<\/span><span class=\"ra\">018 15, Slovakia<\/span><\/p>\t\t\t\t\t\t<\/div>\n\t\t\t\t<\/div>\n\t\t\t\t<div class=\"elementor-element elementor-element-553de25c elementor-widget elementor-widget-text-editor\" data-id=\"553de25c\" data-element_type=\"widget\" data-widget_type=\"text-editor.default\">\n\t\t\t\t<div class=\"elementor-widget-container\">\n\t\t\t\t\t\t\t<p><strong>E-mail: <\/strong>info@padelprofi.com<\/p>\t\t\t\t\t\t<\/div>\n\t\t\t\t<\/div>\n\t\t\t\t\t<\/div>\n\t\t<\/div>\n\t\t\t\t\t<\/div>\n\t\t<\/section>\n\t\t\t\t\t<\/div>\n\t\t<\/div>\n\t\t\t\t\t<\/div>\n\t\t<\/section>\n\t\t\t\t<\/div>\n\t\t","protected":false},"excerpt":{"rendered":"<p>KONTAKT +421 918 065 253 pokli\u010dite nas Naslov: Pre\u010d\u00edn\u00a031, Pre\u010d\u00edn\u00a0018 15, Slovakia E-mail: info@padelprofi.com<\/p>\n","protected":false},"author":1,"featured_media":0,"parent":0,"menu_order":0,"comment_status":"closed","ping_status":"closed","template":"","meta":{"footnotes":""},"class_list":["post-2172","page","type-page","status-publish","hentry"],"yoast_head":"<!-- This site is optimized with the Yoast SEO plugin v23.5 - https:\/\/yoast.com\/wordpress\/plugins\/seo\/ -->\n<title>Kontakt - PadelProfi.com<\/title>\n<meta name=\"robots\" content=\"index, follow, max-snippet:-1, max-image-preview:large, max-video-preview:-1\" \/>\n<link rel=\"canonical\" href=\"https:\/\/www.padelprofi.com\/sl\/kontakt\/\" \/>\n<meta property=\"og:locale\" content=\"sl_SI\" \/>\n<meta property=\"og:type\" content=\"article\" \/>\n<meta property=\"og:title\" content=\"Kontakt - PadelProfi.com\" \/>\n<meta property=\"og:description\" content=\"KONTAKT +421 918 065 253 pokli\u010dite nas Naslov: Pre\u010d\u00edn\u00a031, Pre\u010d\u00edn\u00a0018 15, Slovakia E-mail: info@padelprofi.com\" \/>\n<meta property=\"og:url\" content=\"https:\/\/www.padelprofi.com\/sl\/kontakt\/\" \/>\n<meta property=\"og:site_name\" content=\"PadelProfi.com\" \/>\n<meta property=\"article:modified_time\" content=\"2024-01-08T03:21:43+00:00\" \/>\n<meta name=\"twitter:card\" content=\"summary_large_image\" \/>\n<meta name=\"twitter:label1\" content=\"Est. reading time\" \/>\n\t<meta name=\"twitter:data1\" content=\"1 minuta\" \/>\n<script type=\"application\/ld+json\" class=\"yoast-schema-graph\">{\"@context\":\"https:\/\/schema.org\",\"@graph\":[{\"@type\":\"WebPage\",\"@id\":\"https:\/\/www.padelprofi.com\/sl\/kontakt\/\",\"url\":\"https:\/\/www.padelprofi.com\/sl\/kontakt\/\",\"name\":\"Kontakt - PadelProfi.com\",\"isPartOf\":{\"@id\":\"https:\/\/www.padelprofi.com\/sl\/#website\"},\"datePublished\":\"2023-03-10T21:08:31+00:00\",\"dateModified\":\"2024-01-08T03:21:43+00:00\",\"breadcrumb\":{\"@id\":\"https:\/\/www.padelprofi.com\/sl\/kontakt\/#breadcrumb\"},\"inLanguage\":\"sl-SI\",\"potentialAction\":[{\"@type\":\"ReadAction\",\"target\":[\"https:\/\/www.padelprofi.com\/sl\/kontakt\/\"]}]},{\"@type\":\"BreadcrumbList\",\"@id\":\"https:\/\/www.padelprofi.com\/sl\/kontakt\/#breadcrumb\",\"itemListElement\":[{\"@type\":\"ListItem\",\"position\":1,\"name\":\"Home\",\"item\":\"https:\/\/www.padelprofi.com\/sl\/\"},{\"@type\":\"ListItem\",\"position\":2,\"name\":\"Kontakt\"}]},{\"@type\":\"WebSite\",\"@id\":\"https:\/\/www.padelprofi.com\/sl\/#website\",\"url\":\"https:\/\/www.padelprofi.com\/sl\/\",\"name\":\"PadelProfi.com\",\"description\":\"Postav\u00edme Padel kurt\",\"publisher\":{\"@id\":\"https:\/\/www.padelprofi.com\/sl\/#organization\"},\"potentialAction\":[{\"@type\":\"SearchAction\",\"target\":{\"@type\":\"EntryPoint\",\"urlTemplate\":\"https:\/\/www.padelprofi.com\/sl\/?s={search_term_string}\"},\"query-input\":{\"@type\":\"PropertyValueSpecification\",\"valueRequired\":true,\"valueName\":\"search_term_string\"}}],\"inLanguage\":\"sl-SI\"},{\"@type\":\"Organization\",\"@id\":\"https:\/\/www.padelprofi.com\/sl\/#organization\",\"name\":\"PadelProfi.com\",\"url\":\"https:\/\/www.padelprofi.com\/sl\/\",\"logo\":{\"@type\":\"ImageObject\",\"inLanguage\":\"sl-SI\",\"@id\":\"https:\/\/www.padelprofi.com\/sl\/#\/schema\/logo\/image\/\",\"url\":\"https:\/\/www.padelprofi.com\/wp-content\/uploads\/2023\/03\/PadelProfi_Black.svg\",\"contentUrl\":\"https:\/\/www.padelprofi.com\/wp-content\/uploads\/2023\/03\/PadelProfi_Black.svg\",\"width\":2415,\"height\":591,\"caption\":\"PadelProfi.com\"},\"image\":{\"@id\":\"https:\/\/www.padelprofi.com\/sl\/#\/schema\/logo\/image\/\"}}]}<\/script>\n<!-- \/ Yoast SEO plugin. -->","yoast_head_json":{"title":"Kontakt - PadelProfi.com","robots":{"index":"index","follow":"follow","max-snippet":"max-snippet:-1","max-image-preview":"max-image-preview:large","max-video-preview":"max-video-preview:-1"},"canonical":"https:\/\/www.padelprofi.com\/sl\/kontakt\/","og_locale":"sl_SI","og_type":"article","og_title":"Kontakt - PadelProfi.com","og_description":"KONTAKT +421 918 065 253 pokli\u010dite nas Naslov: Pre\u010d\u00edn\u00a031, Pre\u010d\u00edn\u00a0018 15, Slovakia E-mail: info@padelprofi.com","og_url":"https:\/\/www.padelprofi.com\/sl\/kontakt\/","og_site_name":"PadelProfi.com","article_modified_time":"2024-01-08T03:21:43+00:00","twitter_card":"summary_large_image","twitter_misc":{"Est. reading time":"1 minuta"},"schema":{"@context":"https:\/\/schema.org","@graph":[{"@type":"WebPage","@id":"https:\/\/www.padelprofi.com\/sl\/kontakt\/","url":"https:\/\/www.padelprofi.com\/sl\/kontakt\/","name":"Kontakt - PadelProfi.com","isPartOf":{"@id":"https:\/\/www.padelprofi.com\/sl\/#website"},"datePublished":"2023-03-10T21:08:31+00:00","dateModified":"2024-01-08T03:21:43+00:00","breadcrumb":{"@id":"https:\/\/www.padelprofi.com\/sl\/kontakt\/#breadcrumb"},"inLanguage":"sl-SI","potentialAction":[{"@type":"ReadAction","target":["https:\/\/www.padelprofi.com\/sl\/kontakt\/"]}]},{"@type":"BreadcrumbList","@id":"https:\/\/www.padelprofi.com\/sl\/kontakt\/#breadcrumb","itemListElement":[{"@type":"ListItem","position":1,"name":"Home","item":"https:\/\/www.padelprofi.com\/sl\/"},{"@type":"ListItem","position":2,"name":"Kontakt"}]},{"@type":"WebSite","@id":"https:\/\/www.padelprofi.com\/sl\/#website","url":"https:\/\/www.padelprofi.com\/sl\/","name":"PadelProfi.com","description":"Postav\u00edme Padel kurt","publisher":{"@id":"https:\/\/www.padelprofi.com\/sl\/#organization"},"potentialAction":[{"@type":"SearchAction","target":{"@type":"EntryPoint","urlTemplate":"https:\/\/www.padelprofi.com\/sl\/?s={search_term_string}"},"query-input":{"@type":"PropertyValueSpecification","valueRequired":true,"valueName":"search_term_string"}}],"inLanguage":"sl-SI"},{"@type":"Organization","@id":"https:\/\/www.padelprofi.com\/sl\/#organization","name":"PadelProfi.com","url":"https:\/\/www.padelprofi.com\/sl\/","logo":{"@type":"ImageObject","inLanguage":"sl-SI","@id":"https:\/\/www.padelprofi.com\/sl\/#\/schema\/logo\/image\/","url":"https:\/\/www.padelprofi.com\/wp-content\/uploads\/2023\/03\/PadelProfi_Black.svg","contentUrl":"https:\/\/www.padelprofi.com\/wp-content\/uploads\/2023\/03\/PadelProfi_Black.svg","width":2415,"height":591,"caption":"PadelProfi.com"},"image":{"@id":"https:\/\/www.padelprofi.com\/sl\/#\/schema\/logo\/image\/"}}]}},"_links":{"self":[{"href":"https:\/\/www.padelprofi.com\/sl\/wp-json\/wp\/v2\/pages\/2172"}],"collection":[{"href":"https:\/\/www.padelprofi.com\/sl\/wp-json\/wp\/v2\/pages"}],"about":[{"href":"https:\/\/www.padelprofi.com\/sl\/wp-json\/wp\/v2\/types\/page"}],"author":[{"embeddable":true,"href":"https:\/\/www.padelprofi.com\/sl\/wp-json\/wp\/v2\/users\/1"}],"replies":[{"embeddable":true,"href":"https:\/\/www.padelprofi.com\/sl\/wp-json\/wp\/v2\/comments?post=2172"}],"version-history":[{"count":3,"href":"https:\/\/www.padelprofi.com\/sl\/wp-json\/wp\/v2\/pages\/2172\/revisions"}],"predecessor-version":[{"id":2175,"href":"https:\/\/www.padelprofi.com\/sl\/wp-json\/wp\/v2\/pages\/2172\/revisions\/2175"}],"wp:attachment":[{"href":"https:\/\/www.padelprofi.com\/sl\/wp-json\/wp\/v2\/media?parent=2172"}],"curies":[{"name":"wp","href":"https:\/\/api.w.org\/{rel}","templated":true}]}}